{"id":144,"date":"2022-08-28T14:39:00","date_gmt":"2022-08-28T12:39:00","guid":{"rendered":"http:\/\/klcxvfs.cluster029.hosting.ovh.net\/?page_id=144"},"modified":"2022-08-28T20:41:37","modified_gmt":"2022-08-28T18:41:37","slug":"mentions-legales","status":"publish","type":"page","link":"https:\/\/spectaclesgilsons.com\/index.php\/mentions-legales\/","title":{"rendered":"Mentions l\u00e9gales"},"content":{"rendered":"\n<p>H\u00e9bergement : Soci\u00e9t\u00e9 OVH<\/p>\n\n\n\n<p>Directeur de la Publication : M. Claude GILSONS, \u00e0 Dordives, France<\/p>\n\n\n\n<p>Web administration : M. Christophe BLANGY (\u00ab\u00a0<em>hugomagic<\/em>\u00ab\u00a0), \u00e0 Viroflay, France.<\/p>\n","protected":false},"excerpt":{"rendered":"<p>H\u00e9bergement : Soci\u00e9t\u00e9 OVH Directeur de la Publication : M. Claude GILSONS, \u00e0 Dordives, France Web administration : M. Christophe BLANGY (\u00ab\u00a0hugomagic\u00ab\u00a0), \u00e0 Viroflay, France.<\/p>\n","protected":false},"author":1,"featured_media":0,"parent":0,"menu_order":0,"comment_status":"closed","ping_status":"closed","template":"","meta":{"footnotes":""},"class_list":["post-144","page","type-page","status-publish","hentry"],"yoast_head":"<!-- This site is optimized with the Yoast SEO plugin v27.4 - https:\/\/yoast.com\/product\/yoast-seo-wordpress\/ -->\n<title>Mentions l\u00e9gales - La Magie du P\u00e8re No\u00ebl<\/title>\n<meta name=\"description\" content=\"Site internet du spectacle &quot;La Magie du P\u00e8re No\u00ebl&quot;, mentions l\u00e9gales : h\u00e9bergement, directeur de publication, webmaster\" \/>\n<meta name=\"robots\" content=\"index, follow, max-snippet:-1, max-image-preview:large, max-video-preview:-1\" \/>\n<link rel=\"canonical\" href=\"https:\/\/spectaclesgilsons.com\/index.php\/mentions-legales\/\" \/>\n<meta property=\"og:locale\" content=\"fr_FR\" \/>\n<meta property=\"og:type\" content=\"article\" \/>\n<meta property=\"og:title\" content=\"Mentions l\u00e9gales - La Magie du P\u00e8re No\u00ebl\" \/>\n<meta property=\"og:description\" content=\"Site internet du spectacle &quot;La Magie du P\u00e8re No\u00ebl&quot;, mentions l\u00e9gales : h\u00e9bergement, directeur de publication, webmaster\" \/>\n<meta property=\"og:url\" content=\"https:\/\/spectaclesgilsons.com\/index.php\/mentions-legales\/\" \/>\n<meta property=\"og:site_name\" content=\"La Magie du P\u00e8re No\u00ebl\" \/>\n<meta property=\"article:modified_time\" content=\"2022-08-28T18:41:37+00:00\" \/>\n<meta name=\"twitter:card\" content=\"summary_large_image\" \/>\n<meta name=\"twitter:label1\" content=\"Dur\u00e9e de lecture estim\u00e9e\" \/>\n\t<meta name=\"twitter:data1\" content=\"1 minute\" \/>\n<script type=\"application\/ld+json\" class=\"yoast-schema-graph\">{\"@context\":\"https:\\\/\\\/schema.org\",\"@graph\":[{\"@type\":\"WebPage\",\"@id\":\"https:\\\/\\\/spectaclesgilsons.com\\\/index.php\\\/mentions-legales\\\/\",\"url\":\"https:\\\/\\\/spectaclesgilsons.com\\\/index.php\\\/mentions-legales\\\/\",\"name\":\"Mentions l\u00e9gales - La Magie du P\u00e8re No\u00ebl\",\"isPartOf\":{\"@id\":\"https:\\\/\\\/spectaclesgilsons.com\\\/#website\"},\"datePublished\":\"2022-08-28T12:39:00+00:00\",\"dateModified\":\"2022-08-28T18:41:37+00:00\",\"description\":\"Site internet du spectacle \\\"La Magie du P\u00e8re No\u00ebl\\\", mentions l\u00e9gales : h\u00e9bergement, directeur de publication, webmaster\",\"breadcrumb\":{\"@id\":\"https:\\\/\\\/spectaclesgilsons.com\\\/index.php\\\/mentions-legales\\\/#breadcrumb\"},\"inLanguage\":\"fr-FR\",\"potentialAction\":[{\"@type\":\"ReadAction\",\"target\":[\"https:\\\/\\\/spectaclesgilsons.com\\\/index.php\\\/mentions-legales\\\/\"]}]},{\"@type\":\"BreadcrumbList\",\"@id\":\"https:\\\/\\\/spectaclesgilsons.com\\\/index.php\\\/mentions-legales\\\/#breadcrumb\",\"itemListElement\":[{\"@type\":\"ListItem\",\"position\":1,\"name\":\"Accueil\",\"item\":\"https:\\\/\\\/spectaclesgilsons.com\\\/\"},{\"@type\":\"ListItem\",\"position\":2,\"name\":\"Mentions l\u00e9gales\"}]},{\"@type\":\"WebSite\",\"@id\":\"https:\\\/\\\/spectaclesgilsons.com\\\/#website\",\"url\":\"https:\\\/\\\/spectaclesgilsons.com\\\/\",\"name\":\"La Magie du P\u00e8re No\u00ebl\",\"description\":\"Par la Compagnie d&#039;Arts Magiques Gilsons\",\"publisher\":{\"@id\":\"https:\\\/\\\/spectaclesgilsons.com\\\/#organization\"},\"potentialAction\":[{\"@type\":\"SearchAction\",\"target\":{\"@type\":\"EntryPoint\",\"urlTemplate\":\"https:\\\/\\\/spectaclesgilsons.com\\\/?s={search_term_string}\"},\"query-input\":{\"@type\":\"PropertyValueSpecification\",\"valueRequired\":true,\"valueName\":\"search_term_string\"}}],\"inLanguage\":\"fr-FR\"},{\"@type\":\"Organization\",\"@id\":\"https:\\\/\\\/spectaclesgilsons.com\\\/#organization\",\"name\":\"La Magie du P\u00e8re No\u00ebl\",\"url\":\"https:\\\/\\\/spectaclesgilsons.com\\\/\",\"logo\":{\"@type\":\"ImageObject\",\"inLanguage\":\"fr-FR\",\"@id\":\"https:\\\/\\\/spectaclesgilsons.com\\\/#\\\/schema\\\/logo\\\/image\\\/\",\"url\":\"https:\\\/\\\/spectaclesgilsons.com\\\/wp-content\\\/uploads\\\/2022\\\/08\\\/Logo-03.png\",\"contentUrl\":\"https:\\\/\\\/spectaclesgilsons.com\\\/wp-content\\\/uploads\\\/2022\\\/08\\\/Logo-03.png\",\"width\":498,\"height\":235,\"caption\":\"La Magie du P\u00e8re No\u00ebl\"},\"image\":{\"@id\":\"https:\\\/\\\/spectaclesgilsons.com\\\/#\\\/schema\\\/logo\\\/image\\\/\"}}]}<\/script>\n<!-- \/ Yoast SEO plugin. -->","yoast_head_json":{"title":"Mentions l\u00e9gales - La Magie du P\u00e8re No\u00ebl","description":"Site internet du spectacle \"La Magie du P\u00e8re No\u00ebl\", mentions l\u00e9gales : h\u00e9bergement, directeur de publication, webmaster","robots":{"index":"index","follow":"follow","max-snippet":"max-snippet:-1","max-image-preview":"max-image-preview:large","max-video-preview":"max-video-preview:-1"},"canonical":"https:\/\/spectaclesgilsons.com\/index.php\/mentions-legales\/","og_locale":"fr_FR","og_type":"article","og_title":"Mentions l\u00e9gales - La Magie du P\u00e8re No\u00ebl","og_description":"Site internet du spectacle \"La Magie du P\u00e8re No\u00ebl\", mentions l\u00e9gales : h\u00e9bergement, directeur de publication, webmaster","og_url":"https:\/\/spectaclesgilsons.com\/index.php\/mentions-legales\/","og_site_name":"La Magie du P\u00e8re No\u00ebl","article_modified_time":"2022-08-28T18:41:37+00:00","twitter_card":"summary_large_image","twitter_misc":{"Dur\u00e9e de lecture estim\u00e9e":"1 minute"},"schema":{"@context":"https:\/\/schema.org","@graph":[{"@type":"WebPage","@id":"https:\/\/spectaclesgilsons.com\/index.php\/mentions-legales\/","url":"https:\/\/spectaclesgilsons.com\/index.php\/mentions-legales\/","name":"Mentions l\u00e9gales - La Magie du P\u00e8re No\u00ebl","isPartOf":{"@id":"https:\/\/spectaclesgilsons.com\/#website"},"datePublished":"2022-08-28T12:39:00+00:00","dateModified":"2022-08-28T18:41:37+00:00","description":"Site internet du spectacle \"La Magie du P\u00e8re No\u00ebl\", mentions l\u00e9gales : h\u00e9bergement, directeur de publication, webmaster","breadcrumb":{"@id":"https:\/\/spectaclesgilsons.com\/index.php\/mentions-legales\/#breadcrumb"},"inLanguage":"fr-FR","potentialAction":[{"@type":"ReadAction","target":["https:\/\/spectaclesgilsons.com\/index.php\/mentions-legales\/"]}]},{"@type":"BreadcrumbList","@id":"https:\/\/spectaclesgilsons.com\/index.php\/mentions-legales\/#breadcrumb","itemListElement":[{"@type":"ListItem","position":1,"name":"Accueil","item":"https:\/\/spectaclesgilsons.com\/"},{"@type":"ListItem","position":2,"name":"Mentions l\u00e9gales"}]},{"@type":"WebSite","@id":"https:\/\/spectaclesgilsons.com\/#website","url":"https:\/\/spectaclesgilsons.com\/","name":"La Magie du P\u00e8re No\u00ebl","description":"Par la Compagnie d&#039;Arts Magiques Gilsons","publisher":{"@id":"https:\/\/spectaclesgilsons.com\/#organization"},"potentialAction":[{"@type":"SearchAction","target":{"@type":"EntryPoint","urlTemplate":"https:\/\/spectaclesgilsons.com\/?s={search_term_string}"},"query-input":{"@type":"PropertyValueSpecification","valueRequired":true,"valueName":"search_term_string"}}],"inLanguage":"fr-FR"},{"@type":"Organization","@id":"https:\/\/spectaclesgilsons.com\/#organization","name":"La Magie du P\u00e8re No\u00ebl","url":"https:\/\/spectaclesgilsons.com\/","logo":{"@type":"ImageObject","inLanguage":"fr-FR","@id":"https:\/\/spectaclesgilsons.com\/#\/schema\/logo\/image\/","url":"https:\/\/spectaclesgilsons.com\/wp-content\/uploads\/2022\/08\/Logo-03.png","contentUrl":"https:\/\/spectaclesgilsons.com\/wp-content\/uploads\/2022\/08\/Logo-03.png","width":498,"height":235,"caption":"La Magie du P\u00e8re No\u00ebl"},"image":{"@id":"https:\/\/spectaclesgilsons.com\/#\/schema\/logo\/image\/"}}]}},"_links":{"self":[{"href":"https:\/\/spectaclesgilsons.com\/index.php\/wp-json\/wp\/v2\/pages\/144","targetHints":{"allow":["GET"]}}],"collection":[{"href":"https:\/\/spectaclesgilsons.com\/index.php\/wp-json\/wp\/v2\/pages"}],"about":[{"href":"https:\/\/spectaclesgilsons.com\/index.php\/wp-json\/wp\/v2\/types\/page"}],"author":[{"embeddable":true,"href":"https:\/\/spectaclesgilsons.com\/index.php\/wp-json\/wp\/v2\/users\/1"}],"replies":[{"embeddable":true,"href":"https:\/\/spectaclesgilsons.com\/index.php\/wp-json\/wp\/v2\/comments?post=144"}],"version-history":[{"count":1,"href":"https:\/\/spectaclesgilsons.com\/index.php\/wp-json\/wp\/v2\/pages\/144\/revisions"}],"predecessor-version":[{"id":145,"href":"https:\/\/spectaclesgilsons.com\/index.php\/wp-json\/wp\/v2\/pages\/144\/revisions\/145"}],"wp:attachment":[{"href":"https:\/\/spectaclesgilsons.com\/index.php\/wp-json\/wp\/v2\/media?parent=144"}],"curies":[{"name":"wp","href":"https:\/\/api.w.org\/{rel}","templated":true}]}}