{"id":25,"date":"2022-08-22T23:59:04","date_gmt":"2022-08-22T21:59:04","guid":{"rendered":"http:\/\/klcxvfs.cluster029.hosting.ovh.net\/?page_id=25"},"modified":"2022-09-07T20:43:43","modified_gmt":"2022-09-07T18:43:43","slug":"contact","status":"publish","type":"page","link":"https:\/\/spectaclesgilsons.com\/index.php\/contact\/","title":{"rendered":"Pour plus d&rsquo;information&#8230;"},"content":{"rendered":"\n<p>Vous trouverez ici :<\/p>\n\n\n\n<ul class=\"wp-block-list\"><li>la bande annonce du spectacle<\/li><li>la brochure du spectacle<\/li><li>les coordonn\u00e9es de la compagnie d&rsquo;Arts Magiques Gilsons<\/li><li>et un formulaire de contact vous permettant de nous adresser une simple demande d&rsquo;information, ou une demande de devis<\/li><\/ul>\n\n\n\n<blockquote class=\"wp-block-quote is-layout-flow wp-block-quote-is-layout-flow\"><p>Veuillez noter que le programme \u00ab\u00a0La Magie du P\u00e8re No\u00ebl\u00a0\u00bb est tr\u00e8s demand\u00e9. Il est donc prudent de r\u00e9server rapidement. <\/p><\/blockquote>\n\n\n\n<div style=\"height:100px\" aria-hidden=\"true\" class=\"wp-block-spacer\"><\/div>\n\n\n\n<div class=\"wp-block-columns is-layout-flex wp-container-core-columns-is-layout-28f84493 wp-block-columns-is-layout-flex\">\n<div class=\"wp-block-column is-layout-flow wp-block-column-is-layout-flow\">\n<figure class=\"wp-block-video\"><video height=\"1080\" style=\"aspect-ratio: 1920 \/ 1080;\" width=\"1920\" controls src=\"https:\/\/spectaclesgilsons.com\/wp-content\/uploads\/2022\/08\/LMDPNv2.01.mp4\"><\/video><figcaption>Bande annonce<\/figcaption><\/figure>\n<\/div>\n\n\n\n<div class=\"wp-block-column is-layout-flow wp-block-column-is-layout-flow\">\n<figure class=\"wp-block-image size-full\"><a href=\"http:\/\/klcxvfs.cluster029.hosting.ovh.net\/wp-content\/uploads\/2022\/08\/La-Magie-du-Pere-Noel-BD.jpg\"><img loading=\"lazy\" decoding=\"async\" width=\"878\" height=\"619\" src=\"http:\/\/klcxvfs.cluster029.hosting.ovh.net\/wp-content\/uploads\/2022\/08\/La-Magie-du-Pere-Noel-BD.jpg\" alt=\"La Magie du P\u00e8re No\u00ebl, brochure.\" class=\"wp-image-43\" srcset=\"https:\/\/spectaclesgilsons.com\/wp-content\/uploads\/2022\/08\/La-Magie-du-Pere-Noel-BD.jpg 878w, https:\/\/spectaclesgilsons.com\/wp-content\/uploads\/2022\/08\/La-Magie-du-Pere-Noel-BD-300x212.jpg 300w, https:\/\/spectaclesgilsons.com\/wp-content\/uploads\/2022\/08\/La-Magie-du-Pere-Noel-BD-768x541.jpg 768w\" sizes=\"auto, (max-width: 878px) 100vw, 878px\" \/><\/a><figcaption>Brochure<\/figcaption><\/figure>\n<\/div>\n<\/div>\n\n\n\n<div style=\"height:100px\" aria-hidden=\"true\" class=\"wp-block-spacer\"><\/div>\n\n\n\n<h4 class=\"wp-block-heading\">La compagnie d&rsquo;Arts Magiques Gilsons<\/h4>\n\n\n\n<p>Adresse : 17 rue du Ch\u00e2teau &#8211; 45680 Dordives<\/p>\n\n\n\n<p>T\u00e9l\u00e9phone : +33 608749595<\/p>\n\n\n\n<p>Mail : <a href=\"mailto:claude.gilsons@gmail.com\">Compagnie d&rsquo;Arts Magiques<\/a><\/p>\n\n\n\n<div style=\"height:100px\" aria-hidden=\"true\" class=\"wp-block-spacer\"><\/div>\n\n\n\n<h4 class=\"wp-block-heading\">Formulaire de demande d&rsquo;information<br>ou  de devis personnalis\u00e9<\/h4>\n\n\n\n<div class=\"wp-block-contact-form-7-contact-form-selector\">\n<div class=\"wpcf7 no-js\" id=\"wpcf7-f37-o1\" lang=\"fr-FR\" dir=\"ltr\" data-wpcf7-id=\"37\">\n<div class=\"screen-reader-response\"><p role=\"status\" aria-live=\"polite\" aria-atomic=\"true\"><\/p> <ul><\/ul><\/div>\n<form action=\"\/index.php\/wp-json\/wp\/v2\/pages\/25#wpcf7-f37-o1\" method=\"post\" class=\"wpcf7-form init\" aria-label=\"Formulaire de contact\" novalidate=\"novalidate\" data-status=\"init\">\n<div style=\"display: none;\">\n<input type=\"hidden\" name=\"_wpcf7\" value=\"37\" \/>\n<input type=\"hidden\" name=\"_wpcf7_version\" value=\"6.0.2\" \/>\n<input type=\"hidden\" name=\"_wpcf7_locale\" value=\"fr_FR\" \/>\n<input type=\"hidden\" name=\"_wpcf7_unit_tag\" value=\"wpcf7-f37-o1\" \/>\n<input type=\"hidden\" name=\"_wpcf7_container_post\" value=\"0\" \/>\n<input type=\"hidden\" name=\"_wpcf7_posted_data_hash\" value=\"\" \/>\n<input type=\"hidden\" name=\"_wpcf7_recaptcha_response\" value=\"\" \/>\n<\/div>\n<p><label> Votre nom<br \/>\n<span class=\"wpcf7-form-control-wrap\" data-name=\"your-name\"><input size=\"40\" maxlength=\"400\" class=\"wpcf7-form-control wpcf7-text wpcf7-validates-as-required\" aria-required=\"true\" aria-invalid=\"false\" value=\"\" type=\"text\" name=\"your-name\" \/><\/span> <\/label><br \/>\n<label> Votre e-mail<br \/>\n<span class=\"wpcf7-form-control-wrap\" data-name=\"your-email\"><input size=\"40\" maxlength=\"400\" class=\"wpcf7-form-control wpcf7-email wpcf7-validates-as-required wpcf7-text wpcf7-validates-as-email\" aria-required=\"true\" aria-invalid=\"false\" value=\"\" type=\"email\" name=\"your-email\" \/><\/span> <\/label><br \/>\n<label> Votre num\u00e9ro de t\u00e9l\u00e9phone<br \/>\n<span class=\"wpcf7-form-control-wrap\" data-name=\"your-phone\"><input size=\"40\" maxlength=\"400\" class=\"wpcf7-form-control wpcf7-tel wpcf7-validates-as-required wpcf7-text wpcf7-validates-as-tel\" aria-required=\"true\" aria-invalid=\"false\" value=\"\" type=\"tel\" name=\"your-phone\" \/><\/span> <\/label>\n<\/p>\n<p><label> Nom de l'organisme ou de la soci\u00e9t\u00e9 contractant l'\u00e9v\u00e8nement<br \/>\n<span class=\"wpcf7-form-control-wrap\" data-name=\"your-company\"><input size=\"40\" maxlength=\"400\" class=\"wpcf7-form-control wpcf7-text\" aria-invalid=\"false\" value=\"\" type=\"text\" name=\"your-company\" \/><\/span> <\/label><br \/>\n<label> Nom du repr\u00e9sentant de cet organisme ou de cette soci\u00e9t\u00e9<br \/>\n<span class=\"wpcf7-form-control-wrap\" data-name=\"your-manager\"><input size=\"40\" maxlength=\"400\" class=\"wpcf7-form-control wpcf7-text\" aria-invalid=\"false\" value=\"\" type=\"text\" name=\"your-manager\" \/><\/span> <\/label><br \/>\n<label> Mail du repr\u00e9sentant de cet organisme ou de cette soci\u00e9t\u00e9<br \/>\n<span class=\"wpcf7-form-control-wrap\" data-name=\"your-manager-mail\"><input size=\"40\" maxlength=\"400\" class=\"wpcf7-form-control wpcf7-email wpcf7-text wpcf7-validates-as-email\" aria-invalid=\"false\" value=\"\" type=\"email\" name=\"your-manager-mail\" \/><\/span> <\/label><br \/>\n<label> Num\u00e9ro de t\u00e9l\u00e9phone du repr\u00e9sentant de votre organisme ou de votre soci\u00e9t\u00e9<br \/>\n<span class=\"wpcf7-form-control-wrap\" data-name=\"your-manager-phone\"><input size=\"40\" maxlength=\"400\" class=\"wpcf7-form-control wpcf7-tel wpcf7-text wpcf7-validates-as-tel\" aria-invalid=\"false\" value=\"\" type=\"tel\" name=\"your-manager-phone\" \/><\/span> <\/label>\n<\/p>\n<p><label> Dates souhait\u00e9es pour l'\u00e9v\u00e8nement (\u00e0 titre indicatif)<br \/>\n<span class=\"wpcf7-form-control-wrap\" data-name=\"your-date\"><input class=\"wpcf7-form-control wpcf7-date wpcf7-validates-as-date\" aria-invalid=\"false\" value=\"\" type=\"date\" name=\"your-date\" \/><\/span> <\/label><br \/>\n<label> Nombre de spectateurs (\u00e0 titre indicatif)<br \/>\n<span class=\"wpcf7-form-control-wrap\" data-name=\"your-spectators\"><input class=\"wpcf7-form-control wpcf7-number wpcf7-validates-as-number\" aria-invalid=\"false\" value=\"\" type=\"number\" name=\"your-spectators\" \/><\/span> <\/label><br \/>\n<label> Ville o\u00f9 l'\u00e9v\u00e8nement se d\u00e9roulera<br \/>\n<span class=\"wpcf7-form-control-wrap\" data-name=\"your-town\"><input size=\"40\" maxlength=\"400\" class=\"wpcf7-form-control wpcf7-text\" aria-invalid=\"false\" value=\"\" type=\"text\" name=\"your-town\" \/><\/span> <\/label><br \/>\n<label> Nom de la salle o\u00f9 l'\u00e9v\u00e8nement se d\u00e9roulera<br \/>\n<span class=\"wpcf7-form-control-wrap\" data-name=\"your-place\"><input size=\"40\" maxlength=\"400\" class=\"wpcf7-form-control wpcf7-text\" aria-invalid=\"false\" value=\"\" type=\"text\" name=\"your-place\" \/><\/span> <\/label>\n<\/p>\n<p><label> Souhaitez-vous que nous fournissions des techniciens et des \u00e9quipements techniques ?<br \/>\n<span class=\"wpcf7-form-control-wrap\" data-name=\"your-tech-reqs\"><select class=\"wpcf7-form-control wpcf7-select\" id=\"your-tech-reqs\" aria-invalid=\"false\" name=\"your-tech-reqs\"><option value=\"\">&#8212;Veuillez choisir une option&#8212;<\/option><option value=\"Oui\">Oui<\/option><option value=\"Non\">Non<\/option><option value=\"Je ne sais pas\">Je ne sais pas<\/option><\/select><\/span> <\/label>\n<\/p>\n<p><label> Votre message<br \/>\n<span class=\"wpcf7-form-control-wrap\" data-name=\"your-message\"><textarea cols=\"40\" rows=\"10\" maxlength=\"2000\" class=\"wpcf7-form-control wpcf7-textarea wpcf7-validates-as-required\" aria-required=\"true\" aria-invalid=\"false\" name=\"your-message\"><\/textarea><\/span> <\/label>\n<\/p>\n<p><input class=\"wpcf7-form-control wpcf7-submit has-spinner\" type=\"submit\" value=\"Envoyer\" \/>\n<\/p><div class=\"wpcf7-response-output\" aria-hidden=\"true\"><\/div>\n<\/form>\n<\/div>\n<\/div>\n","protected":false},"excerpt":{"rendered":"<p>Vous trouverez ici : la bande annonce du spectacle la brochure du spectacle les coordonn\u00e9es de la compagnie d&rsquo;Arts Magiques Gilsons et un formulaire de contact vous permettant de nous adresser une simple demande d&rsquo;information, ou une demande de devis Veuillez noter que le programme \u00ab\u00a0La Magie du P\u00e8re No\u00ebl\u00a0\u00bb est tr\u00e8s demand\u00e9. Il est [&hellip;]<\/p>\n","protected":false},"author":1,"featured_media":0,"parent":0,"menu_order":0,"comment_status":"closed","ping_status":"closed","template":"","meta":{"footnotes":""},"class_list":["post-25","page","type-page","status-publish","hentry"],"yoast_head":"<!-- This site is optimized with the Yoast SEO plugin v27.4 - https:\/\/yoast.com\/product\/yoast-seo-wordpress\/ -->\n<title>Pour plus d&#039;information... - La Magie du P\u00e8re No\u00ebl<\/title>\n<meta name=\"description\" content=\"Spectacle &quot;La Magie du P\u00e8re No\u00ebl&quot;, bande annonce, brochure, formulaire de contact et de demande de devis.\" \/>\n<meta name=\"robots\" content=\"index, follow, max-snippet:-1, max-image-preview:large, max-video-preview:-1\" \/>\n<link rel=\"canonical\" href=\"https:\/\/spectaclesgilsons.com\/index.php\/contact\/\" \/>\n<meta property=\"og:locale\" content=\"fr_FR\" \/>\n<meta property=\"og:type\" content=\"article\" \/>\n<meta property=\"og:title\" content=\"Pour plus d&#039;information... - La Magie du P\u00e8re No\u00ebl\" \/>\n<meta property=\"og:description\" content=\"Spectacle &quot;La Magie du P\u00e8re No\u00ebl&quot;, bande annonce, brochure, formulaire de contact et de demande de devis.\" \/>\n<meta property=\"og:url\" content=\"https:\/\/spectaclesgilsons.com\/index.php\/contact\/\" \/>\n<meta property=\"og:site_name\" content=\"La Magie du P\u00e8re No\u00ebl\" \/>\n<meta property=\"article:modified_time\" content=\"2022-09-07T18:43:43+00:00\" \/>\n<meta property=\"og:image\" content=\"http:\/\/klcxvfs.cluster029.hosting.ovh.net\/wp-content\/uploads\/2022\/08\/La-Magie-du-Pere-Noel-BD.jpg\" \/>\n<meta name=\"twitter:card\" content=\"summary_large_image\" \/>\n<meta name=\"twitter:label1\" content=\"Dur\u00e9e de lecture estim\u00e9e\" \/>\n\t<meta name=\"twitter:data1\" content=\"1 minute\" \/>\n<script type=\"application\/ld+json\" class=\"yoast-schema-graph\">{\"@context\":\"https:\\\/\\\/schema.org\",\"@graph\":[{\"@type\":\"WebPage\",\"@id\":\"https:\\\/\\\/spectaclesgilsons.com\\\/index.php\\\/contact\\\/\",\"url\":\"https:\\\/\\\/spectaclesgilsons.com\\\/index.php\\\/contact\\\/\",\"name\":\"Pour plus d'information... - La Magie du P\u00e8re No\u00ebl\",\"isPartOf\":{\"@id\":\"https:\\\/\\\/spectaclesgilsons.com\\\/#website\"},\"primaryImageOfPage\":{\"@id\":\"https:\\\/\\\/spectaclesgilsons.com\\\/index.php\\\/contact\\\/#primaryimage\"},\"image\":{\"@id\":\"https:\\\/\\\/spectaclesgilsons.com\\\/index.php\\\/contact\\\/#primaryimage\"},\"thumbnailUrl\":\"http:\\\/\\\/klcxvfs.cluster029.hosting.ovh.net\\\/wp-content\\\/uploads\\\/2022\\\/08\\\/La-Magie-du-Pere-Noel-BD.jpg\",\"datePublished\":\"2022-08-22T21:59:04+00:00\",\"dateModified\":\"2022-09-07T18:43:43+00:00\",\"description\":\"Spectacle \\\"La Magie du P\u00e8re No\u00ebl\\\", bande annonce, brochure, formulaire de contact et de demande de devis.\",\"breadcrumb\":{\"@id\":\"https:\\\/\\\/spectaclesgilsons.com\\\/index.php\\\/contact\\\/#breadcrumb\"},\"inLanguage\":\"fr-FR\",\"potentialAction\":[{\"@type\":\"ReadAction\",\"target\":[\"https:\\\/\\\/spectaclesgilsons.com\\\/index.php\\\/contact\\\/\"]}]},{\"@type\":\"ImageObject\",\"inLanguage\":\"fr-FR\",\"@id\":\"https:\\\/\\\/spectaclesgilsons.com\\\/index.php\\\/contact\\\/#primaryimage\",\"url\":\"http:\\\/\\\/klcxvfs.cluster029.hosting.ovh.net\\\/wp-content\\\/uploads\\\/2022\\\/08\\\/La-Magie-du-Pere-Noel-BD.jpg\",\"contentUrl\":\"http:\\\/\\\/klcxvfs.cluster029.hosting.ovh.net\\\/wp-content\\\/uploads\\\/2022\\\/08\\\/La-Magie-du-Pere-Noel-BD.jpg\"},{\"@type\":\"BreadcrumbList\",\"@id\":\"https:\\\/\\\/spectaclesgilsons.com\\\/index.php\\\/contact\\\/#breadcrumb\",\"itemListElement\":[{\"@type\":\"ListItem\",\"position\":1,\"name\":\"Accueil\",\"item\":\"https:\\\/\\\/spectaclesgilsons.com\\\/\"},{\"@type\":\"ListItem\",\"position\":2,\"name\":\"Pour plus d&rsquo;information&#8230;\"}]},{\"@type\":\"WebSite\",\"@id\":\"https:\\\/\\\/spectaclesgilsons.com\\\/#website\",\"url\":\"https:\\\/\\\/spectaclesgilsons.com\\\/\",\"name\":\"La Magie du P\u00e8re No\u00ebl\",\"description\":\"Par la Compagnie d&#039;Arts Magiques Gilsons\",\"publisher\":{\"@id\":\"https:\\\/\\\/spectaclesgilsons.com\\\/#organization\"},\"potentialAction\":[{\"@type\":\"SearchAction\",\"target\":{\"@type\":\"EntryPoint\",\"urlTemplate\":\"https:\\\/\\\/spectaclesgilsons.com\\\/?s={search_term_string}\"},\"query-input\":{\"@type\":\"PropertyValueSpecification\",\"valueRequired\":true,\"valueName\":\"search_term_string\"}}],\"inLanguage\":\"fr-FR\"},{\"@type\":\"Organization\",\"@id\":\"https:\\\/\\\/spectaclesgilsons.com\\\/#organization\",\"name\":\"La Magie du P\u00e8re No\u00ebl\",\"url\":\"https:\\\/\\\/spectaclesgilsons.com\\\/\",\"logo\":{\"@type\":\"ImageObject\",\"inLanguage\":\"fr-FR\",\"@id\":\"https:\\\/\\\/spectaclesgilsons.com\\\/#\\\/schema\\\/logo\\\/image\\\/\",\"url\":\"https:\\\/\\\/spectaclesgilsons.com\\\/wp-content\\\/uploads\\\/2022\\\/08\\\/Logo-03.png\",\"contentUrl\":\"https:\\\/\\\/spectaclesgilsons.com\\\/wp-content\\\/uploads\\\/2022\\\/08\\\/Logo-03.png\",\"width\":498,\"height\":235,\"caption\":\"La Magie du P\u00e8re No\u00ebl\"},\"image\":{\"@id\":\"https:\\\/\\\/spectaclesgilsons.com\\\/#\\\/schema\\\/logo\\\/image\\\/\"}}]}<\/script>\n<!-- \/ Yoast SEO plugin. -->","yoast_head_json":{"title":"Pour plus d'information... - La Magie du P\u00e8re No\u00ebl","description":"Spectacle \"La Magie du P\u00e8re No\u00ebl\", bande annonce, brochure, formulaire de contact et de demande de devis.","robots":{"index":"index","follow":"follow","max-snippet":"max-snippet:-1","max-image-preview":"max-image-preview:large","max-video-preview":"max-video-preview:-1"},"canonical":"https:\/\/spectaclesgilsons.com\/index.php\/contact\/","og_locale":"fr_FR","og_type":"article","og_title":"Pour plus d'information... - La Magie du P\u00e8re No\u00ebl","og_description":"Spectacle \"La Magie du P\u00e8re No\u00ebl\", bande annonce, brochure, formulaire de contact et de demande de devis.","og_url":"https:\/\/spectaclesgilsons.com\/index.php\/contact\/","og_site_name":"La Magie du P\u00e8re No\u00ebl","article_modified_time":"2022-09-07T18:43:43+00:00","og_image":[{"url":"http:\/\/klcxvfs.cluster029.hosting.ovh.net\/wp-content\/uploads\/2022\/08\/La-Magie-du-Pere-Noel-BD.jpg","type":"","width":"","height":""}],"twitter_card":"summary_large_image","twitter_misc":{"Dur\u00e9e de lecture estim\u00e9e":"1 minute"},"schema":{"@context":"https:\/\/schema.org","@graph":[{"@type":"WebPage","@id":"https:\/\/spectaclesgilsons.com\/index.php\/contact\/","url":"https:\/\/spectaclesgilsons.com\/index.php\/contact\/","name":"Pour plus d'information... - La Magie du P\u00e8re No\u00ebl","isPartOf":{"@id":"https:\/\/spectaclesgilsons.com\/#website"},"primaryImageOfPage":{"@id":"https:\/\/spectaclesgilsons.com\/index.php\/contact\/#primaryimage"},"image":{"@id":"https:\/\/spectaclesgilsons.com\/index.php\/contact\/#primaryimage"},"thumbnailUrl":"http:\/\/klcxvfs.cluster029.hosting.ovh.net\/wp-content\/uploads\/2022\/08\/La-Magie-du-Pere-Noel-BD.jpg","datePublished":"2022-08-22T21:59:04+00:00","dateModified":"2022-09-07T18:43:43+00:00","description":"Spectacle \"La Magie du P\u00e8re No\u00ebl\", bande annonce, brochure, formulaire de contact et de demande de devis.","breadcrumb":{"@id":"https:\/\/spectaclesgilsons.com\/index.php\/contact\/#breadcrumb"},"inLanguage":"fr-FR","potentialAction":[{"@type":"ReadAction","target":["https:\/\/spectaclesgilsons.com\/index.php\/contact\/"]}]},{"@type":"ImageObject","inLanguage":"fr-FR","@id":"https:\/\/spectaclesgilsons.com\/index.php\/contact\/#primaryimage","url":"http:\/\/klcxvfs.cluster029.hosting.ovh.net\/wp-content\/uploads\/2022\/08\/La-Magie-du-Pere-Noel-BD.jpg","contentUrl":"http:\/\/klcxvfs.cluster029.hosting.ovh.net\/wp-content\/uploads\/2022\/08\/La-Magie-du-Pere-Noel-BD.jpg"},{"@type":"BreadcrumbList","@id":"https:\/\/spectaclesgilsons.com\/index.php\/contact\/#breadcrumb","itemListElement":[{"@type":"ListItem","position":1,"name":"Accueil","item":"https:\/\/spectaclesgilsons.com\/"},{"@type":"ListItem","position":2,"name":"Pour plus d&rsquo;information&#8230;"}]},{"@type":"WebSite","@id":"https:\/\/spectaclesgilsons.com\/#website","url":"https:\/\/spectaclesgilsons.com\/","name":"La Magie du P\u00e8re No\u00ebl","description":"Par la Compagnie d&#039;Arts Magiques Gilsons","publisher":{"@id":"https:\/\/spectaclesgilsons.com\/#organization"},"potentialAction":[{"@type":"SearchAction","target":{"@type":"EntryPoint","urlTemplate":"https:\/\/spectaclesgilsons.com\/?s={search_term_string}"},"query-input":{"@type":"PropertyValueSpecification","valueRequired":true,"valueName":"search_term_string"}}],"inLanguage":"fr-FR"},{"@type":"Organization","@id":"https:\/\/spectaclesgilsons.com\/#organization","name":"La Magie du P\u00e8re No\u00ebl","url":"https:\/\/spectaclesgilsons.com\/","logo":{"@type":"ImageObject","inLanguage":"fr-FR","@id":"https:\/\/spectaclesgilsons.com\/#\/schema\/logo\/image\/","url":"https:\/\/spectaclesgilsons.com\/wp-content\/uploads\/2022\/08\/Logo-03.png","contentUrl":"https:\/\/spectaclesgilsons.com\/wp-content\/uploads\/2022\/08\/Logo-03.png","width":498,"height":235,"caption":"La Magie du P\u00e8re No\u00ebl"},"image":{"@id":"https:\/\/spectaclesgilsons.com\/#\/schema\/logo\/image\/"}}]}},"_links":{"self":[{"href":"https:\/\/spectaclesgilsons.com\/index.php\/wp-json\/wp\/v2\/pages\/25","targetHints":{"allow":["GET"]}}],"collection":[{"href":"https:\/\/spectaclesgilsons.com\/index.php\/wp-json\/wp\/v2\/pages"}],"about":[{"href":"https:\/\/spectaclesgilsons.com\/index.php\/wp-json\/wp\/v2\/types\/page"}],"author":[{"embeddable":true,"href":"https:\/\/spectaclesgilsons.com\/index.php\/wp-json\/wp\/v2\/users\/1"}],"replies":[{"embeddable":true,"href":"https:\/\/spectaclesgilsons.com\/index.php\/wp-json\/wp\/v2\/comments?post=25"}],"version-history":[{"count":25,"href":"https:\/\/spectaclesgilsons.com\/index.php\/wp-json\/wp\/v2\/pages\/25\/revisions"}],"predecessor-version":[{"id":196,"href":"https:\/\/spectaclesgilsons.com\/index.php\/wp-json\/wp\/v2\/pages\/25\/revisions\/196"}],"wp:attachment":[{"href":"https:\/\/spectaclesgilsons.com\/index.php\/wp-json\/wp\/v2\/media?parent=25"}],"curies":[{"name":"wp","href":"https:\/\/api.w.org\/{rel}","templated":true}]}}